{"id":1908,"date":"2020-01-15T07:46:13","date_gmt":"2020-01-15T10:46:13","guid":{"rendered":"https:\/\/www.areapirassununga.com.br\/?page_id=1908"},"modified":"2023-06-26T04:07:31","modified_gmt":"2023-06-26T07:07:31","slug":"convenios","status":"publish","type":"page","link":"https:\/\/www.aeaal.com.br\/site\/convenios\/","title":{"rendered":"Conv\u00eanios"},"content":{"rendered":"<p>A\u00a0 Associa\u00e7\u00e3o mantem convenio com diversos estabelecimentos comerciais, utilize esses benef\u00edcios.<\/p>\n<h2>Leme Farma<\/h2>\n<p>Venda de medicamentos manipulados e drogaria para os Associados de Engenharia Arquitetura e Agronomia de Leme com o valor de desconto de 10%, mediante apresenta\u00e7\u00e3o de identifica\u00e7\u00e3o de parte do funcion\u00e1rio ou de seus dependentes.<\/p>\n<h2>Compuleme<\/h2>\n<p>Oferecemos um\u00a0desconto\u00a0de 10% em todo manuten\u00e7\u00e3o efetuada e na compra de equipamento o valor \u00e0 vista se feito em 2x sem juros.<\/p>\n<h2>B J Magazine e Hering<\/h2>\n<p>10 % de desconto nas compras a vista.<\/p>\n<p>&nbsp;<\/p>\n<h2>Visual M\u00eddia<\/h2>\n<p>A Visual M\u00eddia Educa\u00e7\u00e3o Profissional firmou uma parceria com a sua Associa\u00e7\u00e3o que ir\u00e1 beneficiar voc\u00ea e seus dependentes com descontos reais de at\u00e9 40% em nossos cursos presenciais.<\/p>\n<p>Aproveite essa oportunidade e conhe\u00e7a o que uma rede com mais de 1200 escolas e quase 20 anos de experi\u00eancia pode oferecer \u00e0 sua forma\u00e7\u00e3o profissional.<\/p>\n<h2>Dr. Mariana (Dentista)<\/h2>\n<p>Tratamentos Odontol\u00f3gicos Oferecidos \u00b7 Limpeza e raspagem dental \u00b7 Clareamento dental \u00b7 Tratamentos restauradores \u00b7 Tratamento endod\u00f4ntico (canal) \u00b7 Tratamentos prot\u00e9ticos \u00b7 Tratamento ortod\u00f4ntico (aparelho) \u00b7 Cirurgia (extra\u00e7\u00f5es dent\u00e1rias)<\/p>\n<p>Condi\u00e7\u00f5es especiais \u00b7 Desconto de 10% em todos os procedimentos \u00b7 Condi\u00e7\u00f5es facilitadas para pagamento \u00b7 Consulta de avalia\u00e7\u00e3o sem custo<\/p>\n<h2>\u00a0INBEC- INSTITUTO BRASILEIRO DE EDUCA\u00c7\u00c3O CONTINUADA LTDA<\/h2>\n<p>CNPJ: 07.816.574\/0001 &#8211; 81, pessoa jur\u00eddica de direito privado, com sede a Rua Joaquim Nabuco, 2906 \u2013 Dion\u00edsio Torres \u2013 CEP: 60.125-121 na Cidade de Fortaleza\/CE, desconto de 10 por cento.<br \/>\nE-MAIL:\u00a0 atendimento-campinas@inbec.com.br<\/p>\n<h2>XPRIME \u2013 ACADEMIA<\/h2>\n<p>Esclarecemos \u00a0que os servi\u00e7os s\u00e3o extensivos \u00e0 toda fam\u00edlia, devendo apenas o associado apresentar a carteira da Associa\u00e7\u00e3o .Se voc\u00ea ainda n\u00e3o tem, entre em contato com a Soeli e providencie.<\/p>\n<p>Estamos buscando mais parcerias para o voc\u00eas, pois esse \u00e9 o nosso objetivo.<\/p>\n<p>&nbsp;<\/p>\n","protected":false},"excerpt":{"rendered":"<p>A\u00a0 Associa\u00e7\u00e3o mantem convenio com diversos estabelecimentos comerciais, utilize esses benef\u00edcios. Leme Farma Venda de medicamentos manipulados e drogaria para os Associados de Engenharia Arquitetura e Agronomia de Leme com o valor de desconto de 10%, mediante apresenta\u00e7\u00e3o de identifica\u00e7\u00e3o de parte do funcion\u00e1rio ou de seus dependentes. Compuleme Oferecemos um\u00a0desconto\u00a0de 10% em todo manuten\u00e7\u00e3o efetuada e na compra de equipamento o valor \u00e0 vista se feito em 2x sem juros. B J Magazine e Hering 10 % de desconto<\/p>\n","protected":false},"author":1,"featured_media":0,"parent":0,"menu_order":0,"comment_status":"closed","ping_status":"closed","template":"","meta":{"footnotes":""},"class_list":["post-1908","page","type-page","status-publish","hentry"],"_links":{"self":[{"href":"https:\/\/www.aeaal.com.br\/site\/wp-json\/wp\/v2\/pages\/1908","targetHints":{"allow":["GET"]}}],"collection":[{"href":"https:\/\/www.aeaal.com.br\/site\/wp-json\/wp\/v2\/pages"}],"about":[{"href":"https:\/\/www.aeaal.com.br\/site\/wp-json\/wp\/v2\/types\/page"}],"author":[{"embeddable":true,"href":"https:\/\/www.aeaal.com.br\/site\/wp-json\/wp\/v2\/users\/1"}],"replies":[{"embeddable":true,"href":"https:\/\/www.aeaal.com.br\/site\/wp-json\/wp\/v2\/comments?post=1908"}],"version-history":[{"count":3,"href":"https:\/\/www.aeaal.com.br\/site\/wp-json\/wp\/v2\/pages\/1908\/revisions"}],"predecessor-version":[{"id":2571,"href":"https:\/\/www.aeaal.com.br\/site\/wp-json\/wp\/v2\/pages\/1908\/revisions\/2571"}],"wp:attachment":[{"href":"https:\/\/www.aeaal.com.br\/site\/wp-json\/wp\/v2\/media?parent=1908"}],"curies":[{"name":"wp","href":"https:\/\/api.w.org\/{rel}","templated":true}]}}