{"id":2488,"date":"2023-05-10T19:57:13","date_gmt":"2023-05-10T22:57:13","guid":{"rendered":"https:\/\/www.aeaal.com.br\/site\/?page_id=2488"},"modified":"2023-06-30T14:35:22","modified_gmt":"2023-06-30T17:35:22","slug":"nossa-historia","status":"publish","type":"page","link":"https:\/\/www.aeaal.com.br\/site\/nossa-historia\/","title":{"rendered":"Nossa Hist\u00f3ria"},"content":{"rendered":"<p>No dia 11 de Dezembro de 1980, reuniram-se nas depend\u00eancias da empresa Fermac Construtora e Comercial Ltda, na cidade de Leme, SP, engenheiros, arquitetos e t\u00e9cnicos com a aspira\u00e7\u00e3o de constituir uma Associa\u00e7\u00e3o que representasse os profissionais da \u00e1rea t\u00e9cnica perante os \u00f3rg\u00e3os municipais, estaduais e federais e tamb\u00e9m junto \u00e0 sociedade, sendo esse um dos pilares atuais na nossa Associa\u00e7\u00e3o, que \u00e9 o de oferecer condi\u00e7\u00f5es para a realiza\u00e7\u00e3o de cursos, palestras, informa\u00e7\u00f5es, infraestrutura para os profissionais e outras tantas a\u00e7\u00f5es que se fa\u00e7am necess\u00e1rio.<\/p>\n<p>Assim, nasceu a Associa\u00e7\u00e3o de Engenharia, Arquitetura e Agronomia de Leme, que no ano de 2022 completou 42 anos de exist\u00eancia, estando hoje solidificada, atuante e agindo na defesa dos profissionais. APOIO CREA-SP.<\/p>\n<p>&nbsp;<\/p>\n","protected":false},"excerpt":{"rendered":"<p>No dia 11 de Dezembro de 1980, reuniram-se nas depend\u00eancias da empresa Fermac Construtora e Comercial Ltda, na cidade de Leme, SP, engenheiros, arquitetos e t\u00e9cnicos com a aspira\u00e7\u00e3o de constituir uma Associa\u00e7\u00e3o que representasse os profissionais da \u00e1rea t\u00e9cnica perante os \u00f3rg\u00e3os municipais, estaduais e federais e tamb\u00e9m junto \u00e0 sociedade, sendo esse um dos pilares atuais na nossa Associa\u00e7\u00e3o, que \u00e9 o de oferecer condi\u00e7\u00f5es para a realiza\u00e7\u00e3o de cursos, palestras, informa\u00e7\u00f5es, infraestrutura para os profissionais e outras<\/p>\n","protected":false},"author":1,"featured_media":0,"parent":0,"menu_order":0,"comment_status":"closed","ping_status":"closed","template":"","meta":{"footnotes":""},"class_list":["post-2488","page","type-page","status-publish","hentry"],"_links":{"self":[{"href":"https:\/\/www.aeaal.com.br\/site\/wp-json\/wp\/v2\/pages\/2488","targetHints":{"allow":["GET"]}}],"collection":[{"href":"https:\/\/www.aeaal.com.br\/site\/wp-json\/wp\/v2\/pages"}],"about":[{"href":"https:\/\/www.aeaal.com.br\/site\/wp-json\/wp\/v2\/types\/page"}],"author":[{"embeddable":true,"href":"https:\/\/www.aeaal.com.br\/site\/wp-json\/wp\/v2\/users\/1"}],"replies":[{"embeddable":true,"href":"https:\/\/www.aeaal.com.br\/site\/wp-json\/wp\/v2\/comments?post=2488"}],"version-history":[{"count":3,"href":"https:\/\/www.aeaal.com.br\/site\/wp-json\/wp\/v2\/pages\/2488\/revisions"}],"predecessor-version":[{"id":2699,"href":"https:\/\/www.aeaal.com.br\/site\/wp-json\/wp\/v2\/pages\/2488\/revisions\/2699"}],"wp:attachment":[{"href":"https:\/\/www.aeaal.com.br\/site\/wp-json\/wp\/v2\/media?parent=2488"}],"curies":[{"name":"wp","href":"https:\/\/api.w.org\/{rel}","templated":true}]}}