{"id":2494,"date":"2023-05-10T19:58:26","date_gmt":"2023-05-10T22:58:26","guid":{"rendered":"https:\/\/www.aeaal.com.br\/site\/?page_id=2494"},"modified":"2024-10-14T08:37:38","modified_gmt":"2024-10-14T11:37:38","slug":"leis","status":"publish","type":"page","link":"https:\/\/www.aeaal.com.br\/site\/leis\/","title":{"rendered":"Leis"},"content":{"rendered":"<ul>\n<li><a href=\"https:\/\/www.leme.sp.gov.br\/pagina\/13\" target=\"_blank\" rel=\"noopener\">Leis de obras da cidade<\/a><\/li>\n<li><a href=\"https:\/\/www.aeaal.com.br\/site\/site\/wp-content\/uploads\/2023\/06\/aeaal_lei_311_2001-Doacao-de-espaco-para-associacao.pdf\" target=\"_blank\" rel=\"noopener\">AEAAL &#8211; Lei\u00a0 311 -2001 Doa\u00e7\u00e3o de espa\u00e7o para associa\u00e7\u00e3o<\/a><\/li>\n<li><a href=\"https:\/\/www.aeaal.com.br\/site\/site\/wp-content\/uploads\/2023\/06\/LEI-2269-1997.pdf\" target=\"_blank\" rel=\"noopener\">LEI 2269-1997<\/a><\/li>\n<li><a href=\"https:\/\/www.aeaal.com.br\/site\/site\/wp-content\/uploads\/2023\/06\/LEI-COMPLEMENTAR-311-2001.pdf\" target=\"_blank\" rel=\"noopener\">LEI COMPLEMENTAR 311-200<\/a><\/li>\n<li><a href=\"https:\/\/www.aeaal.com.br\/site\/site\/wp-content\/uploads\/2023\/06\/LEI-DE-UTILIDADE-PUBLICA.pdf\" target=\"_blank\" rel=\"noopener\">LEI DE UTILIDADE PUBLICA<\/a><\/li>\n<li><a href=\"https:\/\/www.aeaal.com.br\/site\/site\/wp-content\/uploads\/2023\/06\/lei_organica.pdf\" target=\"_blank\" rel=\"noopener\">Lei org\u00e2nica<\/a><\/li>\n<li><a href=\"https:\/\/www.aeaal.com.br\/site\/site\/wp-content\/uploads\/2023\/06\/leis_plano_diretor.pdf\" target=\"_blank\" rel=\"noopener\">Plano diretor<\/a><\/li>\n<\/ul>\n","protected":false},"excerpt":{"rendered":"<p>Leis de obras da cidade AEAAL &#8211; Lei\u00a0 311 -2001 Doa\u00e7\u00e3o de espa\u00e7o para associa\u00e7\u00e3o LEI 2269-1997 LEI COMPLEMENTAR 311-200 LEI DE UTILIDADE PUBLICA Lei org\u00e2nica Plano diretor<\/p>\n","protected":false},"author":1,"featured_media":0,"parent":0,"menu_order":0,"comment_status":"closed","ping_status":"closed","template":"","meta":{"footnotes":""},"class_list":["post-2494","page","type-page","status-publish","hentry"],"_links":{"self":[{"href":"https:\/\/www.aeaal.com.br\/site\/wp-json\/wp\/v2\/pages\/2494","targetHints":{"allow":["GET"]}}],"collection":[{"href":"https:\/\/www.aeaal.com.br\/site\/wp-json\/wp\/v2\/pages"}],"about":[{"href":"https:\/\/www.aeaal.com.br\/site\/wp-json\/wp\/v2\/types\/page"}],"author":[{"embeddable":true,"href":"https:\/\/www.aeaal.com.br\/site\/wp-json\/wp\/v2\/users\/1"}],"replies":[{"embeddable":true,"href":"https:\/\/www.aeaal.com.br\/site\/wp-json\/wp\/v2\/comments?post=2494"}],"version-history":[{"count":7,"href":"https:\/\/www.aeaal.com.br\/site\/wp-json\/wp\/v2\/pages\/2494\/revisions"}],"predecessor-version":[{"id":2812,"href":"https:\/\/www.aeaal.com.br\/site\/wp-json\/wp\/v2\/pages\/2494\/revisions\/2812"}],"wp:attachment":[{"href":"https:\/\/www.aeaal.com.br\/site\/wp-json\/wp\/v2\/media?parent=2494"}],"curies":[{"name":"wp","href":"https:\/\/api.w.org\/{rel}","templated":true}]}}