{"id":2564,"date":"2023-06-26T03:59:16","date_gmt":"2023-06-26T06:59:16","guid":{"rendered":"https:\/\/www.aeaal.com.br\/site\/?page_id=2564"},"modified":"2026-03-25T14:27:49","modified_gmt":"2026-03-25T17:27:49","slug":"aeaal-associados","status":"publish","type":"page","link":"https:\/\/www.aeaal.com.br\/site\/aeaal-associados\/","title":{"rendered":"AEAAL &#8211; Associados"},"content":{"rendered":"<h2>Eng. Agrimensor<\/h2>\n<p>Alair Bertogna<br \/>\nAlziro Godoy Junior<br \/>\nAntonio Claudio Zorzo<br \/>\nCristiano De Jesus Figaro Bertin<br \/>\nDaniel Doniseti Meneghetti<br \/>\nEmerson Ronaldo Granzotti<br \/>\nFrancisco Akio Kawamura<br \/>\nFernando Luiz Trottmann<br \/>\nIvo Scherma Landgraf<br \/>\nJavison Alvez Da Silva J\u00fanior<br \/>\nJo\u00e3o Luiz Dellai<br \/>\nJose Antonio \u00a0Aminh\u00e3o<br \/>\nJos\u00e9 Paulo de Moraes Ramalho<br \/>\nJefferson Henrique Bueno<br \/>\nJos\u00e9 Paulo de Moraes Ramalho<br \/>\nLeandro Ulisses Petruz<br \/>\nLuis Daniel Tost<br \/>\nM\u00e1rio S\u00e9rgio Godoy<br \/>\nMateus Marques de Oliveira Neto<br \/>\nPaulo Henrique de Marchi<br \/>\nRafael Jos\u00e9 Pepi<br \/>\nSilvino Aparecido Zanca<br \/>\nSilvio Massani Shimamura<br \/>\nSamuel Avanzo Borin<br \/>\nSidnei Neves da Piedade<br \/>\nThafareu Henrique Pepi<br \/>\nValdinei Blasque<\/p>\n<h2>Eng. Agr\u00f4nomo<\/h2>\n<p>Ana Luiza Camargo Mascarin<br \/>\nAlex Agreli Adayus<br \/>\nAna Lucia Scavazza<br \/>\nAna Karina de Souza Prado<br \/>\nClovis Aloizio Rosolem<br \/>\nChrys Melinski Serciloto<br \/>\nCalebe Penteado Cunha de Freitas<br \/>\nCarlos Luiz Jacobucci<br \/>\nDanilo Shimamura<br \/>\nDouglas Moraes da Silva<br \/>\nEvandro Benedito Donisete Murer<br \/>\nFabio Sardinha Pulz<br \/>\nGabriela Nogueira<br \/>\nIsrael Doniseti Lavezzo<br \/>\nJarbas Mutinelli de Barros<br \/>\nJo\u00e3o Paulo Ziatti Narita<br \/>\nJos\u00e9 Luiz Sacchi<br \/>\nJoseilma Machado<br \/>\nLuis Carlos Aparecido de Carvalho<br \/>\nMariana Pelais Leite<br \/>\nMaiara Fernanda dos Santos Silva<br \/>\nMaira Maria Rodrigues Tamborim<br \/>\nMarcio Rafael Perin<br \/>\nMaria Arminda de Camargo Neves Sacchi<br \/>\nOt\u00e1vio Augusto Faria<br \/>\nPedro Paulo Comin<br \/>\nRonaldo Tavares de Araujo<br \/>\nRafael Netto Moreira Garcia<br \/>\nSimael Rosin<\/p>\n<h2>Eng. Ambiental<\/h2>\n<p>Emily de Mouro de Barros<br \/>\nAmanda Aparecida Petruz<\/p>\n<p>Eng. Cart\u00f3grafa e agrimensura<br \/>\nCamila Eduarda de Abreu<\/p>\n<h2>Arquitetos<\/h2>\n<p>Aroldo de Morais Filgueira<br \/>\nAline Maria da Costa Aleixo<br \/>\nAntonio Carlos Pires de Moraes<br \/>\nAntonio Carlos Hilsdorf Rocha<br \/>\nBruna Souza<br \/>\nBruno Willian Bertin<br \/>\nBeatriz Rodrigues<br \/>\nBianca Berque Bezerra<br \/>\nCesar Antonio Silvestrini<br \/>\nCarmem Ap. Dolacio Stahl<br \/>\nDiogo Gavioli do Valle<br \/>\nElisa Leme de Arruda<br \/>\nEduardo Manfrin Schmidt<br \/>\nErika Marchi Martim<br \/>\nEllen Cristina Beraldo di Fiori<br \/>\nElen Daine Silva<br \/>\nEmerson da Silva Costa<br \/>\nElisa Rodrigues de Campos<br \/>\nFernando Gentil<br \/>\nF\u00e9lix Cassiano Carreira<br \/>\nGustavo Bonfanti de Lemos<br \/>\nIara Donadel de Marchi<br \/>\nIsabela Berque Bezerra<br \/>\nJennifer Cristina da Silva<br \/>\nJane Isis Siqueira<br \/>\nLizia Zani Jorge<br \/>\nLuiz Felipe Morgado Oliveira<br \/>\nLuiza Marchi<br \/>\nLivia Meneghin Jorge<br \/>\nKaren Isabela Boff<br \/>\nMaria Luiza de Andrade Gatto<br \/>\nMarcia Garcia Chain Marchi<br \/>\nMariana Oliva Perez<br \/>\nMarilia Bertanha Gallo<br \/>\nNathassia Camillo de Moraes Pecora<br \/>\nPriscila Neto Santos<br \/>\nRafaela Bernegossi Lacerda<br \/>\nRhuara Malachias Fereira<br \/>\nSamanta Cardoso Bertola Barbosa<br \/>\nSarah Landgraf Lopes Silva<br \/>\nSarah Ferreira Bittencourt<br \/>\nSimone Albuquerque<br \/>\nThais de Cassia da Cunha<br \/>\nVanessa Lima Santos<br \/>\nVanice Elvira da Fonte<br \/>\nVictoria Remunh\u00e3o<\/p>\n<h2>Eng. Civil<\/h2>\n<p>Anderson Jos\u00e9 Bacciotti<br \/>\nAndr\u00e9 Veris Dellai<br \/>\nAndressa P Sotero Lopes<br \/>\nAdmilson Aparecido Bortolin<br \/>\nArthur Romanzoti Podboi<br \/>\nAdriano Aparecido da Silva<br \/>\nAlexandre Boscolo Soares<br \/>\nAna Carolina Quirino Lopes<br \/>\nCarlos Eduardo Gurtler Junior<br \/>\nCarlos Andre Kawamura<br \/>\nCarlos Martins<br \/>\nCleberson dos Santos \u00a0Pinheiro<br \/>\nCelso Reginaldo Gleriano<br \/>\nClaudinei Bellao Peixotto<br \/>\nClaudivan Fialho Santana<br \/>\nDenilson Albuquerque de Souza<br \/>\nDiego Gustavo Correa Bueno<br \/>\nDaniele Bueno<br \/>\nDiogo Mateus Gurtler dos Santos<br \/>\nDaniel Pereira Ribeiro<br \/>\nDiogo Fernandes Simoes<br \/>\nDavid Gomes da Silva<br \/>\nDaniela Correa<br \/>\nDaiana Helena Fusco<br \/>\nEdilson Cesar de Moraes<br \/>\nEduardo Barboza<br \/>\nEdgar Jose Tischer<br \/>\nElias Ferreira Carneiro<br \/>\nEmerson de Araujo<br \/>\nFabio Luis Cherbo<br \/>\nFabio Roberto Carrera<br \/>\nFabio Santos<br \/>\nFernando Carlos Bergamin<br \/>\nFrancisca Izabela Americo Moreira<br \/>\nFrederico de Carvalho Klein<br \/>\nFrancisco Jose Fernandes<br \/>\nFl\u00e1vio Henrique da Silva<br \/>\nFernando Wagner Klein<br \/>\nFelipe Barco<br \/>\nFelipe Lentz Floriano<br \/>\nGustavo Jose Scatolini Baldin<br \/>\nGabriel Estev\u00e3o Pelais<br \/>\nGuilherme R Roel<br \/>\nJavison Alvez Da Silva J\u00fanior<br \/>\nJose Renato Simioni<br \/>\nJosiel Valerino da Cunha<br \/>\nJonas Lopes Silva<br \/>\nJedehon de Jesus Silva<br \/>\nJulia Celano Santos<br \/>\nJonas Villa Lopes Silva<br \/>\nHugo Ferreira Zaccariotto<br \/>\nLeonardo Luis Sartori<br \/>\nLeonardo Maneto Bonfogo<br \/>\nLuana Aparecida Azene<br \/>\nLucienne Ap. Salvador Lima<br \/>\nLuis Daniel Tost<br \/>\nLuis Fernando de Oliveira<br \/>\nLuis Fernando de Souza<br \/>\nLuis Chorilli Neto<br \/>\nLuis Silvio Strafilli<br \/>\nMatheus Vitor de Oliveira<br \/>\nMarcelo Comin<br \/>\nMario Celso Franco de Camargo<br \/>\nMauricio do Valle Paes de Barros<br \/>\nMarcelo Glauber Pietromillo<br \/>\nNatan da Silva Alcatrao<br \/>\nNataniel Henrique Quaglio<br \/>\nNatacha Augusto<br \/>\nNelson Aparecido Alves do Valle<br \/>\nNelson Henrique de Oliveira<br \/>\nNilson Pereira dos Santos<br \/>\nPaulo Sergio Badra Pecora<br \/>\nOsmar Gon\u00e7alves de Oliveira Junior<br \/>\nOswaldo fio Junior<br \/>\nRaissa Moreira Zanqueta<br \/>\nRoney Delanezi Zago<br \/>\nRafael Pires de Santos<br \/>\nRafael Impulceto<br \/>\nReinaldo Monteiro Godoy<br \/>\nRodrigo Volpe Marchete<br \/>\nRaul Rodrigues Gon\u00e7alves<br \/>\nRenata de Moraes<br \/>\nRicardo Amancio Gonzales Rodrigues<br \/>\nRicardo V T Lira<br \/>\nRafael \u00a0Lucas Gaino<br \/>\nRonaldo Donizeti Kauffeman<br \/>\nRobson Moreira de Oliveira<br \/>\nRaul Rodrigues Gon\u00e7alves<br \/>\nSilas Roberto Vivona de Campos<br \/>\nSaulo Lino de Queiroz<br \/>\nTha\u00eds Helena Martinetti<br \/>\nTaise Eliane Cirullo<br \/>\nTamires Ap. Vale<br \/>\nTiago Fantin da Costa<br \/>\nTiago Adami Leite<br \/>\nTiago Barboza Pacagnella<br \/>\nThiago Aparecido das Neves<br \/>\nTaynara Fernanda Tavares Campos<br \/>\nTaise Fernandes Mantoan<br \/>\nVenilson Albuquerque de Souza<br \/>\nVanessa de Fatima Mazzotti \u00a0Beltran<br \/>\nVagner Doniseti Lopes<br \/>\nWagner Alexandre Pultz<br \/>\nWillian Jose Bigaram<br \/>\nWesterley Michael Geloni<br \/>\nWesley Inacio<\/p>\n<h2>Eng. Controle de Automa\u00e7\u00e3o\/Mecatr\u00f4nica<\/h2>\n<p>Marcelo Yuji Matsuoka<br \/>\nWillian Ramos Salmazi<\/p>\n<h2>Eng. Eletricista<\/h2>\n<p>Altamirando da Paz Ferreira<br \/>\nAndre Luiz Oazi<br \/>\nCarlos Henrique Moreira da Silva<br \/>\nDenilson Ricardo Saltor<br \/>\nFrederico Hildebrand Comin Alves de Oliveira<br \/>\nGabriel Cortes Guilhard<br \/>\nJulio Lacerda Filho<br \/>\nLuiz Fernando Marchi Junior<br \/>\nMurilo Macarenco<br \/>\nPaulo Valdir Sacchi<br \/>\nPaulo Rog\u00e9rio Comin<br \/>\nPedro Donizetti Porcena<br \/>\nValmir Tadeu Impulcetto<br \/>\nWagner Da Roz Filho<br \/>\nCarlos Henrique Moreira da Silva<\/p>\n<h2>Engenheiro Florestal<\/h2>\n<p>Alexandre Ramos Forte<br \/>\nJulio Cesar da Costa<\/p>\n<h2>Eng. Mec\u00e2nico<\/h2>\n<p>Andr\u00e9 Roberto Carrera<br \/>\nCarlos Augusto Oliveira Setti<br \/>\nDanilo Nascimento Florencio<br \/>\nFrancisco de Camargo Neves Sacchi<br \/>\nGeorge Gon\u00e7alves Martoni<br \/>\nLaercio Pereira da Costa Miranda<br \/>\nPedro Carvalho Filho<br \/>\nRoberto Kiyoshi Kano<br \/>\nRodrigo de Camargo Neves Sacchi<br \/>\nRafael Lopes Rego<br \/>\nVinicius Galeni<\/p>\n<h2>Eng. Operacional Maq. Ferram.<\/h2>\n<p>Marcos Antonio de Almeida<\/p>\n<h2>Eng. De Produ\u00e7\u00e3o<\/h2>\n<p>Augusto Anteghini Oazi<br \/>\nCarlos Maurilio Dopp<br \/>\nDiego Pereira Rodrigues<br \/>\nDenise De Cassia Oliveira Landgraf<br \/>\nEnivaldo Vitorino<br \/>\nErica Iguchi<br \/>\nEverton Aparecido Pinto<br \/>\nEverton Roberto Viegas<br \/>\nEder Garcia Vieira<br \/>\nFabio Thomaz Aquino Neto<br \/>\nFabio Henrique da Silva Noia<br \/>\nFilipe Antonio Madella<br \/>\nFl\u00e1vio Henrique da Silva<br \/>\nFernando de Barros Nogueira Machado<br \/>\nGustavo Augusto de godoy<br \/>\nHudson Ferrari de Almeida<br \/>\nIvan Violin<br \/>\nJose Carlos de Barros<br \/>\nMichael Willian Leveghim<br \/>\nMois\u00e9s Vicente<br \/>\nMarco Antonio Favaro<br \/>\nManoel Vieira de Almeida<br \/>\nNilson Rodrigues Maciel<br \/>\nPaulo Jonas Pereira<br \/>\nRafael Bueno de Souza<br \/>\nRodrigo Jose Rodrigues<br \/>\nRafael Massoni Marchi<br \/>\nRenan Aparecido de Carvalho<br \/>\nRenan Pestana Arruda<br \/>\nRicardo Rosa Cassiano<br \/>\nVagner Daniel Batista de Lima<br \/>\nVanderson Natalino de Souza<\/p>\n<h2>Eng. De produ\u00e7\u00e3o mec\u00e2nica<\/h2>\n<p>Antonio Afonso Barbato<br \/>\nEduardo Villa Rios Neto<br \/>\nElder Jose Gurtler<br \/>\nGeraldo Rocha de Souza<br \/>\nMarcos Roberto Habermann<\/p>\n<h2>Eng. Quimico<\/h2>\n<p>Gustavo Henrique Ferreira de Oliveira<br \/>\nGustavo dos Santos Bianco Januzzi<br \/>\nMatheus Alberto Schwenger Landgraf<\/p>\n<p>Eng. De Minas<br \/>\nGeraldo Rodrigues de Campos<\/p>\n<h2>\u00a0Eng. Seguran\u00e7a do Trabalho<\/h2>\n<p>Carlos Maurilio Dopp<br \/>\nCleberson dos Santos Pinheiro<br \/>\nEverton Roberto Viegas<br \/>\nGustavo Augusto de godoy<br \/>\nGustavo dos Santos Bianco Januzzi<br \/>\nHelitha Luiza Tessari<br \/>\nOswaldo Fior Junior<br \/>\nPaulo Henrique de Marchi<br \/>\nPriscila Neto Santos<br \/>\nSilvio Massani Shimamura<br \/>\nValdinei Blasque<\/p>\n<h2>Ge\u00f3logo<\/h2>\n<p>Claiton Ant\u00f4nio Tamborim<br \/>\nDiego Ant\u00f4nio\u00a0 Rodrigues Tamborim<\/p>\n<h2>T\u00e9cnicos<\/h2>\n<p>Antonio Carlos Rodrigues<br \/>\nAnderson Amadeu Macioto<br \/>\nCaio Vinicius Ramalho<br \/>\nDjalma Aparecido de Souza<br \/>\nDaniel Pereira Ribeiro<br \/>\nDaniel Leance<br \/>\nEduardo C\u00e9sar Bonfogo<br \/>\nEugenio Pacceli<br \/>\nElydia Maria Lopes Fehr<br \/>\nFernando Hildebrand Gon\u00e7alves<br \/>\nHamilton Roberto Da Silva<br \/>\nJose Bacciotti<br \/>\nLucas Galdino da Silva<br \/>\nLucas Rangel Cardoso Doimo<br \/>\nLuis Roberto de Castro Junior<br \/>\nPedro Carlos Faggion Albers<br \/>\nPedro Luis Bueno<br \/>\nSidervanio Soares Vitoriano<br \/>\nVandernilson do Carmo Scagion<br \/>\nVamberg Silva de Souza<br \/>\nWellinton Tadeu Poletti<\/p>\n","protected":false},"excerpt":{"rendered":"<p>Eng. Agrimensor Alair Bertogna Alziro Godoy Junior Antonio Claudio Zorzo Cristiano De Jesus Figaro Bertin Daniel Doniseti Meneghetti Emerson Ronaldo Granzotti Francisco Akio Kawamura Fernando Luiz Trottmann Ivo Scherma Landgraf Javison Alvez Da Silva J\u00fanior Jo\u00e3o Luiz Dellai Jose Antonio \u00a0Aminh\u00e3o Jos\u00e9 Paulo de Moraes Ramalho Jefferson Henrique Bueno Jos\u00e9 Paulo de Moraes Ramalho Leandro Ulisses Petruz Luis Daniel Tost M\u00e1rio S\u00e9rgio Godoy Mateus Marques de Oliveira Neto Paulo Henrique de Marchi Rafael Jos\u00e9 Pepi Silvino Aparecido Zanca Silvio Massani<\/p>\n","protected":false},"author":1,"featured_media":0,"parent":0,"menu_order":0,"comment_status":"closed","ping_status":"closed","template":"","meta":{"footnotes":""},"class_list":["post-2564","page","type-page","status-publish","hentry"],"_links":{"self":[{"href":"https:\/\/www.aeaal.com.br\/site\/wp-json\/wp\/v2\/pages\/2564","targetHints":{"allow":["GET"]}}],"collection":[{"href":"https:\/\/www.aeaal.com.br\/site\/wp-json\/wp\/v2\/pages"}],"about":[{"href":"https:\/\/www.aeaal.com.br\/site\/wp-json\/wp\/v2\/types\/page"}],"author":[{"embeddable":true,"href":"https:\/\/www.aeaal.com.br\/site\/wp-json\/wp\/v2\/users\/1"}],"replies":[{"embeddable":true,"href":"https:\/\/www.aeaal.com.br\/site\/wp-json\/wp\/v2\/comments?post=2564"}],"version-history":[{"count":18,"href":"https:\/\/www.aeaal.com.br\/site\/wp-json\/wp\/v2\/pages\/2564\/revisions"}],"predecessor-version":[{"id":2936,"href":"https:\/\/www.aeaal.com.br\/site\/wp-json\/wp\/v2\/pages\/2564\/revisions\/2936"}],"wp:attachment":[{"href":"https:\/\/www.aeaal.com.br\/site\/wp-json\/wp\/v2\/media?parent=2564"}],"curies":[{"name":"wp","href":"https:\/\/api.w.org\/{rel}","templated":true}]}}