{"id":2663,"date":"2023-06-28T14:10:27","date_gmt":"2023-06-28T17:10:27","guid":{"rendered":"https:\/\/www.aeaal.com.br\/site\/?page_id=2663"},"modified":"2023-06-28T14:10:27","modified_gmt":"2023-06-28T17:10:27","slug":"associa-se","status":"publish","type":"page","link":"https:\/\/www.aeaal.com.br\/site\/associa-se\/","title":{"rendered":"Associa-se"},"content":{"rendered":"<p>A Associa\u00e7\u00e3o de Engenharia Arquitetura e Agronomia de Leme- AEAAL completa EM 2023 43 anos de atividades na cidade de Leme\/SP, desempenhando um importante papel em defesa dos direitos e interesses da classe e trabalhando em prol dos profissionais integrantes do sistema CONFEA\/CREA.<\/p>\n<p>Por meio de muito trabalho durante todos esses anos, conquistamos representatividade junto ao Conselho Regional de Engenharia e Agronomia do Estado de S\u00e3o Paulo, o CREA-SP, e constru\u00edmos a nossa sede pr\u00f3pria a fim de atender as demandas dos profissionais e estudantes da engenharia, agronomia e tecnologia.<\/p>\n<p>A AEAAL oferece uma infraestrutura completa para seus associados: AUDIT\u00d3DIO, SALA DE REUNIAO, para desenvolver neg\u00f3cios, elaborar trabalhos e reuni\u00f5es, al\u00e9m de acesso ao acervo de livros e revistas t\u00e9cnicas e sala de inform\u00e1tica com acesso \u00e0 internet gratuitamente. Tamb\u00e9m possu\u00edmos v\u00e1rios conv\u00eanios com descontos no comercio local.<\/p>\n<p>Al\u00e9m disso, nossos associados t\u00eam acesso gratuito a cursos e palestras t\u00e9cnicas de interesse da categoria, ministrado por profissionais de todo o pa\u00eds, dando acesso e proximidade com grandes profissionais do mercado.<\/p>\n<p>S\u00e3o in\u00fameros os benef\u00edcios disponibilizados aos que acreditam na valoriza\u00e7\u00e3o profissional do engenheiro e agr\u00f4nomo e optam por se associa.<\/p>\n<p><strong>SEJA UM ASSOCIADO AEAAL GRATUITAMENTE.<\/strong><\/p>\n<h2>Fa\u00e7a-nos uma visita!<\/h2>\n<p>R. Fl\u00e1vio Zillo, 110 \u2013 Cidade Jardim, Leme \u2013 SP, 13614-310<\/p>\n","protected":false},"excerpt":{"rendered":"<p>A Associa\u00e7\u00e3o de Engenharia Arquitetura e Agronomia de Leme- AEAAL completa EM 2023 43 anos de atividades na cidade de Leme\/SP, desempenhando um importante papel em defesa dos direitos e interesses da classe e trabalhando em prol dos profissionais integrantes do sistema CONFEA\/CREA. Por meio de muito trabalho durante todos esses anos, conquistamos representatividade junto ao Conselho Regional de Engenharia e Agronomia do Estado de S\u00e3o Paulo, o CREA-SP, e constru\u00edmos a nossa sede pr\u00f3pria a fim de atender as<\/p>\n","protected":false},"author":1,"featured_media":0,"parent":0,"menu_order":0,"comment_status":"closed","ping_status":"closed","template":"","meta":{"footnotes":""},"class_list":["post-2663","page","type-page","status-publish","hentry"],"_links":{"self":[{"href":"https:\/\/www.aeaal.com.br\/site\/wp-json\/wp\/v2\/pages\/2663","targetHints":{"allow":["GET"]}}],"collection":[{"href":"https:\/\/www.aeaal.com.br\/site\/wp-json\/wp\/v2\/pages"}],"about":[{"href":"https:\/\/www.aeaal.com.br\/site\/wp-json\/wp\/v2\/types\/page"}],"author":[{"embeddable":true,"href":"https:\/\/www.aeaal.com.br\/site\/wp-json\/wp\/v2\/users\/1"}],"replies":[{"embeddable":true,"href":"https:\/\/www.aeaal.com.br\/site\/wp-json\/wp\/v2\/comments?post=2663"}],"version-history":[{"count":1,"href":"https:\/\/www.aeaal.com.br\/site\/wp-json\/wp\/v2\/pages\/2663\/revisions"}],"predecessor-version":[{"id":2664,"href":"https:\/\/www.aeaal.com.br\/site\/wp-json\/wp\/v2\/pages\/2663\/revisions\/2664"}],"wp:attachment":[{"href":"https:\/\/www.aeaal.com.br\/site\/wp-json\/wp\/v2\/media?parent=2663"}],"curies":[{"name":"wp","href":"https:\/\/api.w.org\/{rel}","templated":true}]}}